{"id":6481,"date":"2026-04-14T17:33:27","date_gmt":"2026-04-14T21:33:27","guid":{"rendered":"https:\/\/primaluna.ca\/?page_id=6481"},"modified":"2026-04-14T17:34:43","modified_gmt":"2026-04-14T21:34:43","slug":"mobile-pizza-station","status":"publish","type":"page","link":"https:\/\/primaluna.ca\/en\/mobile-pizza-station\/","title":{"rendered":"Mobile Pizza Station"},"content":{"rendered":"\t\t<div data-elementor-type=\"wp-page\" data-elementor-id=\"6481\" class=\"elementor elementor-6481\" data-elementor-post-type=\"page\">\n\t\t\t\t<div class=\"elementor-element elementor-element-xjh8xcu e-flex e-con-boxed e-con e-parent\" data-id=\"xjh8xcu\" data-element_type=\"container\" data-e-type=\"container\" data-settings=\"{&quot;background_background&quot;:&quot;classic&quot;}\">\n\t\t\t\t\t<div class=\"e-con-inner\">\n\t\t<div class=\"elementor-element elementor-element-ba5c591 e-con-full e-flex e-con e-child\" data-id=\"ba5c591\" data-element_type=\"container\" data-e-type=\"container\">\n\t\t\t\t<div class=\"elementor-element elementor-element-4a82248 elementor-widget elementor-widget-heading\" data-id=\"4a82248\" data-element_type=\"widget\" data-e-type=\"widget\" data-widget_type=\"heading.default\">\n\t\t\t\t<div class=\"elementor-widget-container\">\n\t\t\t\t\t<h1 class=\"elementor-heading-title elementor-size-default\">Mobile Pizza Station<\/h1>\t\t\t\t<\/div>\n\t\t\t\t<\/div>\n\t\t\t\t<div class=\"elementor-element elementor-element-77716f0 elementor-widget elementor-widget-image\" data-id=\"77716f0\" data-element_type=\"widget\" data-e-type=\"widget\" data-widget_type=\"image.default\">\n\t\t\t\t<div class=\"elementor-widget-container\">\n\t\t\t\t\t\t\t\t\t\t\t\t\t\t\t<img decoding=\"async\" width=\"250\" height=\"27\" src=\"https:\/\/primaluna.ca\/wp-content\/uploads\/2024\/11\/frill-free-img.png\" class=\"attachment-large size-large wp-image-4973\" alt=\"\" srcset=\"https:\/\/primaluna.ca\/wp-content\/uploads\/2024\/11\/frill-free-img.png 250w, https:\/\/primaluna.ca\/wp-content\/uploads\/2024\/11\/frill-free-img-18x2.png 18w\" sizes=\"(max-width: 250px) 100vw, 250px\" \/>\t\t\t\t\t\t\t\t\t\t\t\t\t\t\t<\/div>\n\t\t\t\t<\/div>\n\t\t\t\t<\/div>\n\t\t\t\t\t<\/div>\n\t\t\t\t<\/div>\n\t\t<div class=\"elementor-element elementor-element-7o2v669 e-con-full e-flex e-con e-parent\" data-id=\"7o2v669\" data-element_type=\"container\" data-e-type=\"container\" data-settings=\"{&quot;background_background&quot;:&quot;classic&quot;}\">\n\t\t<div class=\"elementor-element elementor-element-213f2d6 e-con-full e-flex elementor-invisible e-con e-child\" data-id=\"213f2d6\" data-element_type=\"container\" data-e-type=\"container\" data-settings=\"{&quot;animation&quot;:&quot;bounceIn&quot;}\">\n\t\t\t\t<div class=\"elementor-element elementor-element-4897fba elementor-button-align-stretch elementor-widget elementor-widget-form\" data-id=\"4897fba\" data-element_type=\"widget\" data-e-type=\"widget\" data-settings=\"{&quot;step_next_label&quot;:&quot;Next&quot;,&quot;step_previous_label&quot;:&quot;Previous&quot;,&quot;button_width&quot;:&quot;100&quot;,&quot;step_type&quot;:&quot;number_text&quot;,&quot;step_icon_shape&quot;:&quot;circle&quot;}\" data-widget_type=\"form.default\">\n\t\t\t\t<div class=\"elementor-widget-container\">\n\t\t\t\t\t\t\t<form class=\"elementor-form\" method=\"post\" name=\"Mobile Pizza Station\" aria-label=\"Mobile Pizza Station\">\n\t\t\t<input type=\"hidden\" name=\"post_id\" value=\"6481\"\/>\n\t\t\t<input type=\"hidden\" name=\"form_id\" value=\"4897fba\"\/>\n\t\t\t<input type=\"hidden\" name=\"referer_title\" value=\"Mobile Pizza Station - Prima Luna\" \/>\n\n\t\t\t\t\t\t\t<input type=\"hidden\" name=\"queried_id\" value=\"6481\"\/>\n\t\t\t\n\t\t\t<div class=\"elementor-form-fields-wrapper elementor-labels-above\">\n\t\t\t\t\t\t\t\t<div class=\"elementor-field-type-text elementor-field-group elementor-column elementor-field-group-name elementor-col-50\">\n\t\t\t\t\t\t\t\t\t\t\t\t<label for=\"form-field-name\" class=\"elementor-field-label\">\n\t\t\t\t\t\t\t\tName\t\t\t\t\t\t\t<\/label>\n\t\t\t\t\t\t\t\t\t\t\t\t\t\t<input size=\"1\" type=\"text\" name=\"form_fields[name]\" id=\"form-field-name\" class=\"elementor-field elementor-size-sm  elementor-field-textual\">\n\t\t\t\t\t\t\t\t\t\t\t<\/div>\n\t\t\t\t\t\t\t\t<div class=\"elementor-field-type-email elementor-field-group elementor-column elementor-field-group-email elementor-col-50\">\n\t\t\t\t\t\t\t\t\t\t\t\t<label for=\"form-field-email\" class=\"elementor-field-label\">\n\t\t\t\t\t\t\t\tEmail Address\t\t\t\t\t\t\t<\/label>\n\t\t\t\t\t\t\t\t\t\t\t\t\t\t<input size=\"1\" type=\"email\" name=\"form_fields[email]\" id=\"form-field-email\" class=\"elementor-field elementor-size-sm  elementor-field-textual\">\n\t\t\t\t\t\t\t\t\t\t\t<\/div>\n\t\t\t\t\t\t\t\t<div class=\"elementor-field-type-tel elementor-field-group elementor-column elementor-field-group-mobile elementor-col-50\">\n\t\t\t\t\t\t\t\t\t\t\t\t<label for=\"form-field-mobile\" class=\"elementor-field-label\">\n\t\t\t\t\t\t\t\tMobile Number\t\t\t\t\t\t\t<\/label>\n\t\t\t\t\t\t\t\t<input size=\"1\" type=\"tel\" name=\"form_fields[mobile]\" id=\"form-field-mobile\" class=\"elementor-field elementor-size-sm  elementor-field-textual\" pattern=\"[0-9()#&amp;+*-=.]+\" title=\"Seuls les caract\u00e8res de num\u00e9ros de t\u00e9l\u00e9phone (#, -, *, etc.) sont accept\u00e9s.\">\n\n\t\t\t\t\t\t<\/div>\n\t\t\t\t\t\t\t\t<div class=\"elementor-field-type-text elementor-field-group elementor-column elementor-field-group-guests elementor-col-50\">\n\t\t\t\t\t\t\t\t\t\t\t\t<label for=\"form-field-guests\" class=\"elementor-field-label\">\n\t\t\t\t\t\t\t\tNumber of guests attending\t\t\t\t\t\t\t<\/label>\n\t\t\t\t\t\t\t\t\t\t\t\t\t\t<input size=\"1\" type=\"text\" name=\"form_fields[guests]\" id=\"form-field-guests\" class=\"elementor-field elementor-size-sm  elementor-field-textual\">\n\t\t\t\t\t\t\t\t\t\t\t<\/div>\n\t\t\t\t\t\t\t\t<div class=\"elementor-field-type-date elementor-field-group elementor-column elementor-field-group-date elementor-col-50\">\n\t\t\t\t\t\t\t\t\t\t\t\t<label for=\"form-field-date\" class=\"elementor-field-label\">\n\t\t\t\t\t\t\t\tYour Event Date\t\t\t\t\t\t\t<\/label>\n\t\t\t\t\t\t\n\t\t<input type=\"date\" name=\"form_fields[date]\" id=\"form-field-date\" class=\"elementor-field elementor-size-sm  elementor-field-textual elementor-date-field\" pattern=\"[0-9]{4}-[0-9]{2}-[0-9]{2}\">\n\t\t\t\t\t\t<\/div>\n\t\t\t\t\t\t\t\t<div class=\"elementor-field-type-text\">\n\t\t\t\t\t<input size=\"1\" type=\"text\" name=\"form_fields[field_12853f5]\" id=\"form-field-field_12853f5\" class=\"elementor-field elementor-size-sm \" style=\"display:none !important;\">\t\t\t\t<\/div>\n\t\t\t\t\t\t\t\t<div class=\"elementor-field-group elementor-column elementor-field-type-submit elementor-col-100 e-form__buttons\">\n\t\t\t\t\t<button class=\"elementor-button elementor-size-sm\" type=\"submit\">\n\t\t\t\t\t\t<span class=\"elementor-button-content-wrapper\">\n\t\t\t\t\t\t\t\t\t\t\t\t\t\t\t\t\t\t\t\t\t\t<span class=\"elementor-button-text\">Send<\/span>\n\t\t\t\t\t\t\t\t\t\t\t\t\t<\/span>\n\t\t\t\t\t<\/button>\n\t\t\t\t<\/div>\n\t\t\t<\/div>\n\t\t<\/form>\n\t\t\t\t\t\t<\/div>\n\t\t\t\t<\/div>\n\t\t\t\t<\/div>\n\t\t\t\t<\/div>\n\t\t\t\t<\/div>\n\t\t","protected":false},"excerpt":{"rendered":"<p>Mobile Pizza Station<\/p>\n","protected":false},"author":1,"featured_media":0,"parent":0,"menu_order":7,"comment_status":"closed","ping_status":"closed","template":"","meta":{"content-type":"","site-sidebar-layout":"no-sidebar","site-content-layout":"page-builder","ast-site-content-layout":"full-width-container","site-content-style":"default","site-sidebar-style":"default","ast-global-header-display":"","ast-banner-title-visibility":"","ast-main-header-display":"","ast-hfb-above-header-display":"","ast-hfb-below-header-display":"","ast-hfb-mobile-header-display":"","site-post-title":"disabled","ast-breadcrumbs-content":"","ast-featured-img":"disabled","footer-sml-layout":"","theme-transparent-header-meta":"","adv-header-id-meta":"","stick-header-meta":"","header-above-stick-meta":"","header-main-stick-meta":"","header-below-stick-meta":"","astra-migrate-meta-layouts":"set","ast-page-background-enabled":"default","ast-page-background-meta":{"desktop":{"background-color":"","background-image":"","background-repeat":"repeat","background-position":"center center","background-size":"auto","background-attachment":"scroll","background-type":"","background-media":"","overlay-type":"","overlay-color":"","overlay-opacity":"","overlay-gradient":""},"tablet":{"background-color":"","background-image":"","background-repeat":"repeat","background-position":"center center","background-size":"auto","background-attachment":"scroll","background-type":"","background-media":"","overlay-type":"","overlay-color":"","overlay-opacity":"","overlay-gradient":""},"mobile":{"background-color":"","background-image":"","background-repeat":"repeat","background-position":"center center","background-size":"auto","background-attachment":"scroll","background-type":"","background-media":"","overlay-type":"","overlay-color":"","overlay-opacity":"","overlay-gradient":""}},"ast-content-background-meta":{"desktop":{"background-color":"var(--ast-global-color-5)","background-image":"","background-repeat":"repeat","background-position":"center center","background-size":"auto","background-attachment":"scroll","background-type":"","background-media":"","overlay-type":"","overlay-color":"","overlay-opacity":"","overlay-gradient":""},"tablet":{"background-color":"var(--ast-global-color-5)","background-image":"","background-repeat":"repeat","background-position":"center center","background-size":"auto","background-attachment":"scroll","background-type":"","background-media":"","overlay-type":"","overlay-color":"","overlay-opacity":"","overlay-gradient":""},"mobile":{"background-color":"var(--ast-global-color-5)","background-image":"","background-repeat":"repeat","background-position":"center center","background-size":"auto","background-attachment":"scroll","background-type":"","background-media":"","overlay-type":"","overlay-color":"","overlay-opacity":"","overlay-gradient":""}},"footnotes":""},"class_list":["post-6481","page","type-page","status-publish","hentry"],"yoast_head":"<!-- This site is optimized with the Yoast SEO plugin v27.1.1 - https:\/\/yoast.com\/product\/yoast-seo-wordpress\/ -->\n<title>Mobile Pizza Station - Prima Luna<\/title>\n<meta name=\"robots\" content=\"noindex, nofollow\" \/>\n<meta property=\"og:locale\" content=\"en_US\" \/>\n<meta property=\"og:type\" content=\"article\" \/>\n<meta property=\"og:title\" content=\"Mobile Pizza Station - Prima Luna\" \/>\n<meta property=\"og:description\" content=\"Mobile Pizza Station\" \/>\n<meta property=\"og:url\" content=\"https:\/\/primaluna.ca\/en\/mobile-pizza-station\/\" \/>\n<meta property=\"og:site_name\" content=\"Prima Luna\" \/>\n<meta property=\"article:modified_time\" content=\"2026-04-14T21:34:43+00:00\" \/>\n<meta property=\"og:image\" content=\"https:\/\/primaluna.ca\/wp-content\/uploads\/2024\/11\/frill-free-img.png\" \/>\n\t<meta property=\"og:image:width\" content=\"250\" \/>\n\t<meta property=\"og:image:height\" content=\"27\" \/>\n\t<meta property=\"og:image:type\" content=\"image\/png\" \/>\n<meta name=\"twitter:card\" content=\"summary_large_image\" \/>\n<meta name=\"twitter:label1\" content=\"Est. reading time\" \/>\n\t<meta name=\"twitter:data1\" content=\"1 minute\" \/>\n<script type=\"application\/ld+json\" class=\"yoast-schema-graph\">{\"@context\":\"https:\/\/schema.org\",\"@graph\":[{\"@type\":\"WebPage\",\"@id\":\"https:\/\/primaluna.ca\/mobile-pizza-station\/\",\"url\":\"https:\/\/primaluna.ca\/mobile-pizza-station\/\",\"name\":\"Mobile Pizza Station - Prima Luna\",\"isPartOf\":{\"@id\":\"https:\/\/primaluna.ca\/#website\"},\"primaryImageOfPage\":{\"@id\":\"https:\/\/primaluna.ca\/mobile-pizza-station\/#primaryimage\"},\"image\":{\"@id\":\"https:\/\/primaluna.ca\/mobile-pizza-station\/#primaryimage\"},\"thumbnailUrl\":\"https:\/\/primaluna.ca\/wp-content\/uploads\/2024\/11\/frill-free-img.png\",\"datePublished\":\"2026-04-14T21:33:27+00:00\",\"dateModified\":\"2026-04-14T21:34:43+00:00\",\"breadcrumb\":{\"@id\":\"https:\/\/primaluna.ca\/mobile-pizza-station\/#breadcrumb\"},\"inLanguage\":\"en-US\",\"potentialAction\":[{\"@type\":\"ReadAction\",\"target\":[\"https:\/\/primaluna.ca\/mobile-pizza-station\/\"]}]},{\"@type\":\"ImageObject\",\"inLanguage\":\"en-US\",\"@id\":\"https:\/\/primaluna.ca\/mobile-pizza-station\/#primaryimage\",\"url\":\"https:\/\/primaluna.ca\/wp-content\/uploads\/2024\/11\/frill-free-img.png\",\"contentUrl\":\"https:\/\/primaluna.ca\/wp-content\/uploads\/2024\/11\/frill-free-img.png\"},{\"@type\":\"BreadcrumbList\",\"@id\":\"https:\/\/primaluna.ca\/mobile-pizza-station\/#breadcrumb\",\"itemListElement\":[{\"@type\":\"ListItem\",\"position\":1,\"name\":\"Home\",\"item\":\"https:\/\/primaluna.ca\/\"},{\"@type\":\"ListItem\",\"position\":2,\"name\":\"Mobile Pizza Station\"}]},{\"@type\":\"WebSite\",\"@id\":\"https:\/\/primaluna.ca\/#website\",\"url\":\"https:\/\/primaluna.ca\/\",\"name\":\"Prima Luna\",\"description\":\"\",\"publisher\":{\"@id\":\"https:\/\/primaluna.ca\/#organization\"},\"potentialAction\":[{\"@type\":\"SearchAction\",\"target\":{\"@type\":\"EntryPoint\",\"urlTemplate\":\"https:\/\/primaluna.ca\/?s={search_term_string}\"},\"query-input\":{\"@type\":\"PropertyValueSpecification\",\"valueRequired\":true,\"valueName\":\"search_term_string\"}}],\"inLanguage\":\"en-US\"},{\"@type\":\"Organization\",\"@id\":\"https:\/\/primaluna.ca\/#organization\",\"name\":\"Prima Luna\",\"url\":\"https:\/\/primaluna.ca\/\",\"logo\":{\"@type\":\"ImageObject\",\"inLanguage\":\"en-US\",\"@id\":\"https:\/\/primaluna.ca\/#\/schema\/logo\/image\/\",\"url\":\"https:\/\/primaluna.ca\/wp-content\/uploads\/2024\/07\/LOGO-BLACK.svg\",\"contentUrl\":\"https:\/\/primaluna.ca\/wp-content\/uploads\/2024\/07\/LOGO-BLACK.svg\",\"width\":252,\"height\":144,\"caption\":\"Prima Luna\"},\"image\":{\"@id\":\"https:\/\/primaluna.ca\/#\/schema\/logo\/image\/\"}}]}<\/script>\n<!-- \/ Yoast SEO plugin. -->","yoast_head_json":{"title":"Mobile Pizza Station - Prima Luna","robots":{"index":"noindex","follow":"nofollow"},"og_locale":"en_US","og_type":"article","og_title":"Mobile Pizza Station - Prima Luna","og_description":"Mobile Pizza Station","og_url":"https:\/\/primaluna.ca\/en\/mobile-pizza-station\/","og_site_name":"Prima Luna","article_modified_time":"2026-04-14T21:34:43+00:00","og_image":[{"width":250,"height":27,"url":"https:\/\/primaluna.ca\/wp-content\/uploads\/2024\/11\/frill-free-img.png","type":"image\/png"}],"twitter_card":"summary_large_image","twitter_misc":{"Est. reading time":"1 minute"},"schema":{"@context":"https:\/\/schema.org","@graph":[{"@type":"WebPage","@id":"https:\/\/primaluna.ca\/mobile-pizza-station\/","url":"https:\/\/primaluna.ca\/mobile-pizza-station\/","name":"Mobile Pizza Station - Prima Luna","isPartOf":{"@id":"https:\/\/primaluna.ca\/#website"},"primaryImageOfPage":{"@id":"https:\/\/primaluna.ca\/mobile-pizza-station\/#primaryimage"},"image":{"@id":"https:\/\/primaluna.ca\/mobile-pizza-station\/#primaryimage"},"thumbnailUrl":"https:\/\/primaluna.ca\/wp-content\/uploads\/2024\/11\/frill-free-img.png","datePublished":"2026-04-14T21:33:27+00:00","dateModified":"2026-04-14T21:34:43+00:00","breadcrumb":{"@id":"https:\/\/primaluna.ca\/mobile-pizza-station\/#breadcrumb"},"inLanguage":"en-US","potentialAction":[{"@type":"ReadAction","target":["https:\/\/primaluna.ca\/mobile-pizza-station\/"]}]},{"@type":"ImageObject","inLanguage":"en-US","@id":"https:\/\/primaluna.ca\/mobile-pizza-station\/#primaryimage","url":"https:\/\/primaluna.ca\/wp-content\/uploads\/2024\/11\/frill-free-img.png","contentUrl":"https:\/\/primaluna.ca\/wp-content\/uploads\/2024\/11\/frill-free-img.png"},{"@type":"BreadcrumbList","@id":"https:\/\/primaluna.ca\/mobile-pizza-station\/#breadcrumb","itemListElement":[{"@type":"ListItem","position":1,"name":"Home","item":"https:\/\/primaluna.ca\/"},{"@type":"ListItem","position":2,"name":"Mobile Pizza Station"}]},{"@type":"WebSite","@id":"https:\/\/primaluna.ca\/#website","url":"https:\/\/primaluna.ca\/","name":"Prima Luna","description":"","publisher":{"@id":"https:\/\/primaluna.ca\/#organization"},"potentialAction":[{"@type":"SearchAction","target":{"@type":"EntryPoint","urlTemplate":"https:\/\/primaluna.ca\/?s={search_term_string}"},"query-input":{"@type":"PropertyValueSpecification","valueRequired":true,"valueName":"search_term_string"}}],"inLanguage":"en-US"},{"@type":"Organization","@id":"https:\/\/primaluna.ca\/#organization","name":"Prima Luna","url":"https:\/\/primaluna.ca\/","logo":{"@type":"ImageObject","inLanguage":"en-US","@id":"https:\/\/primaluna.ca\/#\/schema\/logo\/image\/","url":"https:\/\/primaluna.ca\/wp-content\/uploads\/2024\/07\/LOGO-BLACK.svg","contentUrl":"https:\/\/primaluna.ca\/wp-content\/uploads\/2024\/07\/LOGO-BLACK.svg","width":252,"height":144,"caption":"Prima Luna"},"image":{"@id":"https:\/\/primaluna.ca\/#\/schema\/logo\/image\/"}}]}},"_links":{"self":[{"href":"https:\/\/primaluna.ca\/en\/wp-json\/wp\/v2\/pages\/6481","targetHints":{"allow":["GET"]}}],"collection":[{"href":"https:\/\/primaluna.ca\/en\/wp-json\/wp\/v2\/pages"}],"about":[{"href":"https:\/\/primaluna.ca\/en\/wp-json\/wp\/v2\/types\/page"}],"author":[{"embeddable":true,"href":"https:\/\/primaluna.ca\/en\/wp-json\/wp\/v2\/users\/1"}],"replies":[{"embeddable":true,"href":"https:\/\/primaluna.ca\/en\/wp-json\/wp\/v2\/comments?post=6481"}],"version-history":[{"count":4,"href":"https:\/\/primaluna.ca\/en\/wp-json\/wp\/v2\/pages\/6481\/revisions"}],"predecessor-version":[{"id":6485,"href":"https:\/\/primaluna.ca\/en\/wp-json\/wp\/v2\/pages\/6481\/revisions\/6485"}],"wp:attachment":[{"href":"https:\/\/primaluna.ca\/en\/wp-json\/wp\/v2\/media?parent=6481"}],"curies":[{"name":"wp","href":"https:\/\/api.w.org\/{rel}","templated":true}]}}